{"id":1052,"date":"2020-01-17T08:08:03","date_gmt":"2020-01-17T13:08:03","guid":{"rendered":"http:\/\/claudinemertens.com\/cookie-usage\/"},"modified":"2020-01-17T08:14:12","modified_gmt":"2020-01-17T13:14:12","slug":"cookie-usage","status":"publish","type":"page","link":"https:\/\/claudinemertens.com\/fr\/cookie-usage\/","title":{"rendered":""},"content":{"rendered":"<h4><b>Utilisation des cookies sur notre site<\/b><\/h4>\n<p>Notre site web utilise des cookies afin d\u2019optimiser son fonctionnement et de collecter des statistiques li\u00e9es \u00e0 son utilisation (fr\u00e9quentation, pages vues\u2026).<\/p>\n<h4><b>Qu\u2019est-ce qu\u2019un cookie?<\/b><\/h4>\n<p>Un cookie est un petit fichier texte, \u00e9ventuellement chiffr\u00e9, sauvegard\u00e9 par un site web sur l\u2019ordinateur ou le terminal (smartphone, tablette\u2026) que vous utilisez pour le consulter. Ces cookies ont pour finalit\u00e9 d\u2019acc\u00e9l\u00e9rer et de personnaliser votre utilisation d\u2019un site au fur et \u00e0 mesure que vous le visitez et y retournez.<\/p>\n<p>Pour ce faire les cookies communiquent des informations entre votre navigateur web (Chrome, Firefox, Internet Explorer\u2026) et le serveur qui h\u00e9berge le site web, par exemple sur vos pr\u00e9f\u00e9rences d\u2019affichage du site (langue, taille des caract\u00e8res\u2026), votre historique de navigation, vos choix parmi les options propos\u00e9es par un site ou encore des donn\u00e9es d\u2019enregistrement.<\/p>\n<h4><b>Quels cookies utilisons-nous sur le site ?<\/b><\/h4>\n<p><b>Cookie fonctionnels :<br \/>\n<\/b>Ces cookies sont propres \u00e0 la plateforme de content management, qu\u2019on peut d\u00e9crire comme le \u00ab moteur \u00bb du site.\u00a0Ces cookies permettent de g\u00e9rer certaines fonctionnalit\u00e9s du site. Ils sont anonymes (aucune information collect\u00e9e ne permet de faire le lien avec votre identit\u00e9).\u00a0De plus, \u00e0 l\u2019exception du cookie fixant votre pr\u00e9f\u00e9rence linguistique, ils expirent \u00e0 la fermeture de votre navigateur. Ils sont donc effac\u00e9s de votre ordinateur ou terminal quand vous quittez ce logiciel.<\/p>\n<p><b>Cookies statistiques :<br \/>\n<\/b>Le site utilise les services de Google Analytics afin d\u2019analyser la fr\u00e9quentation et le comportement des utilisateurs de son site.\u00a0Les cookies statistiques permettent de conna\u00eetre par exemple le nombre de visiteurs, leur situation g\u00e9ographique, leur parcours sur le site (comment et par quelle page, ils y ont acc\u00e9d\u00e9, les pages qui ont suivi dans leur session et la page par laquelle ils ont quitt\u00e9 le site), le moment de la visite\u2026 Ces cookies sont anonymes et leur dur\u00e9e de vie peut aller jusqu\u2019\u00e0 2 ans.<\/p>\n<h4><b>Comment contr\u00f4ler les cookies ?<\/b><\/h4>\n<p>Vous pouvez contr\u00f4ler et\/ou supprimer des cookies comme vous le souhaitez \u00e0 l\u2019aide des param\u00e8tres de configuration de votre navigateur.\u00a0Vous avez la possibilit\u00e9 de supprimer tous les cookies d\u00e9j\u00e0 stock\u00e9s sur votre ordinateur et de configurer la plupart des navigateurs pour qu\u2019ils les bloquent. Toutefois, dans ce cas, vous devrez peut-\u00eatre indiquer vous-m\u00eames certaines pr\u00e9f\u00e9rences chaque fois que vous vous rendrez sur un site, et certains services et fonctionnalit\u00e9s risquent de ne pas \u00eatre accessibles.<\/p>\n","protected":false},"excerpt":{"rendered":"<p>Utilisation des cookies sur notre site Notre site web utilise des cookies afin d\u2019optimiser son fonctionnement et de collecter des statistiques li\u00e9es \u00e0 son utilisation (fr\u00e9quentation, pages vues\u2026). Qu\u2019est-ce qu\u2019un cookie? Un cookie est un petit fichier texte, \u00e9ventuellement chiffr\u00e9, sauvegard\u00e9 par un site web sur l\u2019ordinateur ou le terminal (smartphone, tablette\u2026) que vous utilisez [&hellip;]<\/p>\n","protected":false},"author":5,"featured_media":0,"parent":0,"menu_order":0,"comment_status":"closed","ping_status":"closed","template":"","meta":{"footnotes":""},"class_list":["post-1052","page","type-page","status-publish","hentry"],"yoast_head":"<!-- This site is optimized with the Yoast SEO plugin v27.1.1 - https:\/\/yoast.com\/product\/yoast-seo-wordpress\/ -->\n<title>- Claudine Mertens<\/title>\n<meta name=\"robots\" content=\"index, follow, max-snippet:-1, max-image-preview:large, max-video-preview:-1\" \/>\n<link rel=\"canonical\" href=\"https:\/\/claudinemertens.com\/cookie-usage\/\" \/>\n<meta property=\"og:locale\" content=\"fr_FR\" \/>\n<meta property=\"og:type\" content=\"article\" \/>\n<meta property=\"og:title\" content=\"- Claudine Mertens\" \/>\n<meta property=\"og:description\" content=\"Utilisation des cookies sur notre site Notre site web utilise des cookies afin d\u2019optimiser son fonctionnement et de collecter des statistiques li\u00e9es \u00e0 son utilisation (fr\u00e9quentation, pages vues\u2026). Qu\u2019est-ce qu\u2019un cookie? Un cookie est un petit fichier texte, \u00e9ventuellement chiffr\u00e9, sauvegard\u00e9 par un site web sur l\u2019ordinateur ou le terminal (smartphone, tablette\u2026) que vous utilisez [&hellip;]\" \/>\n<meta property=\"og:url\" content=\"https:\/\/claudinemertens.com\/cookie-usage\/\" \/>\n<meta property=\"og:site_name\" content=\"Claudine Mertens\" \/>\n<meta property=\"article:modified_time\" content=\"2020-01-17T13:14:12+00:00\" \/>\n<meta name=\"twitter:card\" content=\"summary_large_image\" \/>\n<meta name=\"twitter:label1\" content=\"Dur\u00e9e de lecture estim\u00e9e\" \/>\n\t<meta name=\"twitter:data1\" content=\"2 minutes\" \/>\n<script type=\"application\/ld+json\" class=\"yoast-schema-graph\">{\"@context\":\"https:\/\/schema.org\",\"@graph\":[{\"@type\":\"WebPage\",\"@id\":\"https:\/\/claudinemertens.com\/cookie-usage\/\",\"url\":\"https:\/\/claudinemertens.com\/cookie-usage\/\",\"name\":\"- Claudine Mertens\",\"isPartOf\":{\"@id\":\"https:\/\/claudinemertens.com\/#website\"},\"datePublished\":\"2020-01-17T13:08:03+00:00\",\"dateModified\":\"2020-01-17T13:14:12+00:00\",\"inLanguage\":\"fr-FR\",\"potentialAction\":[{\"@type\":\"ReadAction\",\"target\":[\"https:\/\/claudinemertens.com\/cookie-usage\/\"]}]},{\"@type\":\"WebSite\",\"@id\":\"https:\/\/claudinemertens.com\/#website\",\"url\":\"https:\/\/claudinemertens.com\/\",\"name\":\"Claudine Mertens\",\"description\":\"The human being himself is already a work of art.\",\"publisher\":{\"@id\":\"https:\/\/claudinemertens.com\/#organization\"},\"potentialAction\":[{\"@type\":\"SearchAction\",\"target\":{\"@type\":\"EntryPoint\",\"urlTemplate\":\"https:\/\/claudinemertens.com\/?s={search_term_string}\"},\"query-input\":{\"@type\":\"PropertyValueSpecification\",\"valueRequired\":true,\"valueName\":\"search_term_string\"}}],\"inLanguage\":\"fr-FR\"},{\"@type\":\"Organization\",\"@id\":\"https:\/\/claudinemertens.com\/#organization\",\"name\":\"Claudine Mertens\",\"url\":\"https:\/\/claudinemertens.com\/\",\"logo\":{\"@type\":\"ImageObject\",\"inLanguage\":\"fr-FR\",\"@id\":\"https:\/\/claudinemertens.com\/#\/schema\/logo\/image\/\",\"url\":\"https:\/\/claudinemertens.com\/wp-content\/uploads\/2019\/12\/logo-1.svg\",\"contentUrl\":\"https:\/\/claudinemertens.com\/wp-content\/uploads\/2019\/12\/logo-1.svg\",\"width\":1,\"height\":1,\"caption\":\"Claudine Mertens\"},\"image\":{\"@id\":\"https:\/\/claudinemertens.com\/#\/schema\/logo\/image\/\"}}]}<\/script>\n<!-- \/ Yoast SEO plugin. -->","yoast_head_json":{"title":"- Claudine Mertens","robots":{"index":"index","follow":"follow","max-snippet":"max-snippet:-1","max-image-preview":"max-image-preview:large","max-video-preview":"max-video-preview:-1"},"canonical":"https:\/\/claudinemertens.com\/cookie-usage\/","og_locale":"fr_FR","og_type":"article","og_title":"- Claudine Mertens","og_description":"Utilisation des cookies sur notre site Notre site web utilise des cookies afin d\u2019optimiser son fonctionnement et de collecter des statistiques li\u00e9es \u00e0 son utilisation (fr\u00e9quentation, pages vues\u2026). Qu\u2019est-ce qu\u2019un cookie? Un cookie est un petit fichier texte, \u00e9ventuellement chiffr\u00e9, sauvegard\u00e9 par un site web sur l\u2019ordinateur ou le terminal (smartphone, tablette\u2026) que vous utilisez [&hellip;]","og_url":"https:\/\/claudinemertens.com\/cookie-usage\/","og_site_name":"Claudine Mertens","article_modified_time":"2020-01-17T13:14:12+00:00","twitter_card":"summary_large_image","twitter_misc":{"Dur\u00e9e de lecture estim\u00e9e":"2 minutes"},"schema":{"@context":"https:\/\/schema.org","@graph":[{"@type":"WebPage","@id":"https:\/\/claudinemertens.com\/cookie-usage\/","url":"https:\/\/claudinemertens.com\/cookie-usage\/","name":"- Claudine Mertens","isPartOf":{"@id":"https:\/\/claudinemertens.com\/#website"},"datePublished":"2020-01-17T13:08:03+00:00","dateModified":"2020-01-17T13:14:12+00:00","inLanguage":"fr-FR","potentialAction":[{"@type":"ReadAction","target":["https:\/\/claudinemertens.com\/cookie-usage\/"]}]},{"@type":"WebSite","@id":"https:\/\/claudinemertens.com\/#website","url":"https:\/\/claudinemertens.com\/","name":"Claudine Mertens","description":"The human being himself is already a work of art.","publisher":{"@id":"https:\/\/claudinemertens.com\/#organization"},"potentialAction":[{"@type":"SearchAction","target":{"@type":"EntryPoint","urlTemplate":"https:\/\/claudinemertens.com\/?s={search_term_string}"},"query-input":{"@type":"PropertyValueSpecification","valueRequired":true,"valueName":"search_term_string"}}],"inLanguage":"fr-FR"},{"@type":"Organization","@id":"https:\/\/claudinemertens.com\/#organization","name":"Claudine Mertens","url":"https:\/\/claudinemertens.com\/","logo":{"@type":"ImageObject","inLanguage":"fr-FR","@id":"https:\/\/claudinemertens.com\/#\/schema\/logo\/image\/","url":"https:\/\/claudinemertens.com\/wp-content\/uploads\/2019\/12\/logo-1.svg","contentUrl":"https:\/\/claudinemertens.com\/wp-content\/uploads\/2019\/12\/logo-1.svg","width":1,"height":1,"caption":"Claudine Mertens"},"image":{"@id":"https:\/\/claudinemertens.com\/#\/schema\/logo\/image\/"}}]}},"_links":{"self":[{"href":"https:\/\/claudinemertens.com\/fr\/wp-json\/wp\/v2\/pages\/1052","targetHints":{"allow":["GET"]}}],"collection":[{"href":"https:\/\/claudinemertens.com\/fr\/wp-json\/wp\/v2\/pages"}],"about":[{"href":"https:\/\/claudinemertens.com\/fr\/wp-json\/wp\/v2\/types\/page"}],"author":[{"embeddable":true,"href":"https:\/\/claudinemertens.com\/fr\/wp-json\/wp\/v2\/users\/5"}],"replies":[{"embeddable":true,"href":"https:\/\/claudinemertens.com\/fr\/wp-json\/wp\/v2\/comments?post=1052"}],"version-history":[{"count":3,"href":"https:\/\/claudinemertens.com\/fr\/wp-json\/wp\/v2\/pages\/1052\/revisions"}],"predecessor-version":[{"id":1058,"href":"https:\/\/claudinemertens.com\/fr\/wp-json\/wp\/v2\/pages\/1052\/revisions\/1058"}],"wp:attachment":[{"href":"https:\/\/claudinemertens.com\/fr\/wp-json\/wp\/v2\/media?parent=1052"}],"curies":[{"name":"wp","href":"https:\/\/api.w.org\/{rel}","templated":true}]}}